{"id":3024,"date":"2021-12-16T13:53:48","date_gmt":"2021-12-16T12:53:48","guid":{"rendered":"https:\/\/flerpdent.com\/pogoji-poslovanja-in-varstvo-osebnih-podatkov\/"},"modified":"2024-07-25T11:39:51","modified_gmt":"2024-07-25T09:39:51","slug":"terms-of-business-and-data-protection","status":"publish","type":"page","link":"https:\/\/flerpdent.com\/en\/terms-of-business-and-data-protection\/","title":{"rendered":"Terms of business and data protection"},"content":{"rendered":"\t\t<div data-elementor-type=\"wp-page\" data-elementor-id=\"3024\" class=\"elementor elementor-3024 elementor-463\" data-elementor-settings=\"{&quot;element_pack_global_tooltip_width&quot;:{&quot;unit&quot;:&quot;px&quot;,&quot;size&quot;:&quot;&quot;,&quot;sizes&quot;:[]},&quot;element_pack_global_tooltip_width_laptop&quot;:{&quot;unit&quot;:&quot;px&quot;,&quot;size&quot;:&quot;&quot;,&quot;sizes&quot;:[]},&quot;element_pack_global_tooltip_width_tablet&quot;:{&quot;unit&quot;:&quot;px&quot;,&quot;size&quot;:&quot;&quot;,&quot;sizes&quot;:[]},&quot;element_pack_global_tooltip_width_mobile&quot;:{&quot;unit&quot;:&quot;px&quot;,&quot;size&quot;:&quot;&quot;,&quot;sizes&quot;:[]},&quot;element_pack_global_tooltip_padding&quot;:{&quot;unit&quot;:&quot;px&quot;,&quot;top&quot;:&quot;&quot;,&quot;right&quot;:&quot;&quot;,&quot;bottom&quot;:&quot;&quot;,&quot;left&quot;:&quot;&quot;,&quot;isLinked&quot;:true},&quot;element_pack_global_tooltip_padding_laptop&quot;:{&quot;unit&quot;:&quot;px&quot;,&quot;top&quot;:&quot;&quot;,&quot;right&quot;:&quot;&quot;,&quot;bottom&quot;:&quot;&quot;,&quot;left&quot;:&quot;&quot;,&quot;isLinked&quot;:true},&quot;element_pack_global_tooltip_padding_tablet&quot;:{&quot;unit&quot;:&quot;px&quot;,&quot;top&quot;:&quot;&quot;,&quot;right&quot;:&quot;&quot;,&quot;bottom&quot;:&quot;&quot;,&quot;left&quot;:&quot;&quot;,&quot;isLinked&quot;:true},&quot;element_pack_global_tooltip_padding_mobile&quot;:{&quot;unit&quot;:&quot;px&quot;,&quot;top&quot;:&quot;&quot;,&quot;right&quot;:&quot;&quot;,&quot;bottom&quot;:&quot;&quot;,&quot;left&quot;:&quot;&quot;,&quot;isLinked&quot;:true},&quot;element_pack_global_tooltip_border_radius&quot;:{&quot;unit&quot;:&quot;px&quot;,&quot;top&quot;:&quot;&quot;,&quot;right&quot;:&quot;&quot;,&quot;bottom&quot;:&quot;&quot;,&quot;left&quot;:&quot;&quot;,&quot;isLinked&quot;:true},&quot;element_pack_global_tooltip_border_radius_laptop&quot;:{&quot;unit&quot;:&quot;px&quot;,&quot;top&quot;:&quot;&quot;,&quot;right&quot;:&quot;&quot;,&quot;bottom&quot;:&quot;&quot;,&quot;left&quot;:&quot;&quot;,&quot;isLinked&quot;:true},&quot;element_pack_global_tooltip_border_radius_tablet&quot;:{&quot;unit&quot;:&quot;px&quot;,&quot;top&quot;:&quot;&quot;,&quot;right&quot;:&quot;&quot;,&quot;bottom&quot;:&quot;&quot;,&quot;left&quot;:&quot;&quot;,&quot;isLinked&quot;:true},&quot;element_pack_global_tooltip_border_radius_mobile&quot;:{&quot;unit&quot;:&quot;px&quot;,&quot;top&quot;:&quot;&quot;,&quot;right&quot;:&quot;&quot;,&quot;bottom&quot;:&quot;&quot;,&quot;left&quot;:&quot;&quot;,&quot;isLinked&quot;:true}}\" data-elementor-post-type=\"page\">\n\t\t\t\t<div class=\"elementor-element elementor-element-66ebe28 e-flex e-con-boxed e-con e-parent\" data-id=\"66ebe28\" data-element_type=\"container\">\n\t\t\t\t\t<div class=\"e-con-inner\">\n\t\t<div class=\"elementor-element elementor-element-6e14636 e-con-full e-flex e-con e-child\" data-id=\"6e14636\" data-element_type=\"container\">\n\t\t\t\t<div class=\"elementor-element elementor-element-5b943ee elementor-widget elementor-widget-heading\" data-id=\"5b943ee\" data-element_type=\"widget\" data-widget_type=\"heading.default\">\n\t\t\t\t<div class=\"elementor-widget-container\">\n\t\t\t\t\t<h2 class=\"elementor-heading-title elementor-size-default\">Pogoji poslovanja in varstvo osebnih podatkov<\/h2>\t\t\t\t<\/div>\n\t\t\t\t<\/div>\n\t\t\t\t<div class=\"elementor-element elementor-element-2e6d793 elementor-widget elementor-widget-bdt-accordion\" data-id=\"2e6d793\" data-element_type=\"widget\" data-widget_type=\"bdt-accordion.default\">\n\t\t\t\t<div class=\"elementor-widget-container\">\n\t\t\t\t\t\t\t<div class=\"bdt-ep-accordion-container\">\n\t\t\t<div id=\"bdt-ep-accordion-2e6d793\" class=\"bdt-ep-accordion bdt-accordion\" data-bdt-accordion=\"{&quot;collapsible&quot;:true,&quot;multiple&quot;:false,&quot;transition&quot;:&quot;ease-in-out&quot;}\" \t\tdata-settings=\"{&quot;id&quot;:&quot;bdt-ep-accordion-2e6d793&quot;,&quot;activeHash&quot;:&quot;no&quot;,&quot;activeScrollspy&quot;:null,&quot;hashTopOffset&quot;:false,&quot;hashScrollspyTime&quot;:false,&quot;closeAllItemsOnMobile&quot;:false}\">\n\t\t\t\t\t\t\t\t\t<div class=\"bdt-ep-accordion-item bdt-open\">\n\t\t\t\t\t\t<div\t\t\t\t\t\t\tclass=\"bdt-ep-accordion-title bdt-accordion-title bdt-flex bdt-flex-middle \" id=\"bdt-ep-accordion-splono\"\n\t\t\t\t\t\t\tdata-accordion-index=\"0\" data-title=\"splo-no\">\n\n\t\t\t\t\t\t\t\n\t\t\t\t\t\t\t<span role=\"heading\" class=\"bdt-ep-title-text bdt-flex-inline bdt-flex-middle\" >\n\n\t\t\t\t\t\t\t\t\t\t\t\t\t\t\t\tSplo\u0161no\t\t\t\t\t\t\t<\/span>\n\n\t\t\t\t\t\t<\/div>\n\t\t\t\t\t\t<div class=\"bdt-ep-accordion-content bdt-accordion-content\">\n\t\t\t\t\t\t\t<p>Pogoji poslovanja spletne strani (podatki), so sestavljeni v skladu z Zakonom o varstvu potro\u0161nikov (Uradni list RS, \u0161t. 98\/2004-UPB2, 126\/2007, 86\/2009, 78\/2011, 38\/2014, 19\/15, 55\/2017-ZKolT), Zakonom o elektronskem poslovanju na trgu ( Ur. list RS, \u0161t. 96\/09), Zakonom o izvensodnem re\u0161evanju potro\u0161ni\u0161kih sporov ( Ur. list RS, \u0161t. 81\/2015) in Zakonu o varstvu osebnih podatkov ( Ur. list RS, \u0161t. 94\/07)<br \/><br \/>S spletno stranjo upravlja podjetje <strong>WepiK, digitalne in trajnostne transformacije, d.o.o.<\/strong>, tel. <a href=\"tel: 069758247\"><strong>069758247<\/strong><\/a>, e-po\u0161ta: <a href=\"mailto:info@wepik.io\"><strong>info@wepik.io<\/strong><\/a>, dav\u010dna \u0161tevilka: <strong>91873444<\/strong>, ponudnik storitev e-poslovanja.<\/p>\t\t\t\t\t\t<\/div>\n\t\t\t\t\t<\/div>\n\t\t\t\t\t\t\t\t\t<div class=\"bdt-ep-accordion-item\">\n\t\t\t\t\t\t<div\t\t\t\t\t\t\tclass=\"bdt-ep-accordion-title bdt-accordion-title bdt-flex bdt-flex-middle \" id=\"bdt-ep-accordion-komunikacija\"\n\t\t\t\t\t\t\tdata-accordion-index=\"1\" data-title=\"komunikacija\">\n\n\t\t\t\t\t\t\t\n\t\t\t\t\t\t\t<span role=\"heading\" class=\"bdt-ep-title-text bdt-flex-inline bdt-flex-middle\" >\n\n\t\t\t\t\t\t\t\t\t\t\t\t\t\t\t\tKomunikacija\t\t\t\t\t\t\t<\/span>\n\n\t\t\t\t\t\t<\/div>\n\t\t\t\t\t\t<div class=\"bdt-ep-accordion-content bdt-accordion-content\">\n\t\t\t\t\t\t\t<p>Ponudnik bo z uporabnikom stopil v stik preko sredstev komunikacij na daljavo le, \u010de temu uporabnik izrecno ne nasprotuje.<\/p>\t\t\t\t\t\t<\/div>\n\t\t\t\t\t<\/div>\n\t\t\t\t\t\t\t\t\t<div class=\"bdt-ep-accordion-item\">\n\t\t\t\t\t\t<div\t\t\t\t\t\t\tclass=\"bdt-ep-accordion-title bdt-accordion-title bdt-flex bdt-flex-middle \" id=\"bdt-ep-accordion-kontaktni-podatki\"\n\t\t\t\t\t\t\tdata-accordion-index=\"2\" data-title=\"kontaktni-podatki\">\n\n\t\t\t\t\t\t\t\n\t\t\t\t\t\t\t<span role=\"heading\" class=\"bdt-ep-title-text bdt-flex-inline bdt-flex-middle\" >\n\n\t\t\t\t\t\t\t\t\t\t\t\t\t\t\t\tKontaktni podatki\t\t\t\t\t\t\t<\/span>\n\n\t\t\t\t\t\t<\/div>\n\t\t\t\t\t\t<div class=\"bdt-ep-accordion-content bdt-accordion-content\">\n\t\t\t\t\t\t\t<p>Email: <strong><a href=\"mailto:info@wepik.io\">info@wepik.io<\/a><\/strong><br \/>Telefon: <strong><a href=\"tel: 069758247\">069 758 247<\/a><\/strong><br \/>Dav\u010dna \u0161tevilka: <strong>91873444<\/strong><br \/>Mati\u010dna \u0161tevilka: <strong>8795924000<\/strong><br \/>TRR: IBAN <strong>SI56 0400 0027 6304 635<\/strong> pri banki Nova KBM d.d.<br \/>KONTAKTNA OSEBA: <strong>Manuel Tobias Wedra<\/strong><br \/>Dru\u017eba je registrirana pri Okro\u017enem sodi\u0161\u010du v Celju z dne 20.1.2021<\/p>\t\t\t\t\t\t<\/div>\n\t\t\t\t\t<\/div>\n\t\t\t\t\t\t\t\t\t<div class=\"bdt-ep-accordion-item\">\n\t\t\t\t\t\t<div\t\t\t\t\t\t\tclass=\"bdt-ep-accordion-title bdt-accordion-title bdt-flex bdt-flex-middle \" id=\"bdt-ep-accordion-izjava-o-zasebnosti\"\n\t\t\t\t\t\t\tdata-accordion-index=\"3\" data-title=\"izjava-o-zasebnosti\">\n\n\t\t\t\t\t\t\t\n\t\t\t\t\t\t\t<span role=\"heading\" class=\"bdt-ep-title-text bdt-flex-inline bdt-flex-middle\" >\n\n\t\t\t\t\t\t\t\t\t\t\t\t\t\t\t\tIzjava o zasebnosti\t\t\t\t\t\t\t<\/span>\n\n\t\t\t\t\t\t<\/div>\n\t\t\t\t\t\t<div class=\"bdt-ep-accordion-content bdt-accordion-content\">\n\t\t\t\t\t\t\t<p><strong>Podatki o podjetju<\/strong><\/p><p>\u2022 IBAN SI56 0400 0027 6304 635 pri banki Nova KBM d.d.<br \/>\u2022 Mati\u010dna \u0161tevilka: 8795924000<br \/>\u2022 ID za DDV: 91873444<br \/>\u2022 Direktor: \u017diga Koro\u0161ec in Manuel Tobias Wedra<br \/>\u2022 Email: <a href=\"mailto:info@wepik.io\"><strong>info@wepik.io<\/strong><\/a><\/p><p>Upravljatelj spletne strani dent.flerp.io, WepiK d.o.o. (v nadaljevanju \u201cponudnik\u201d), se zavezuje, da bo osebne podatke, pridobljene pri registraciji skrbno varoval v skladu z Zakonom o varstvu osebnih podatkov (ZVOP-1-UPB1). Podatke, ki jih za potrebe poslovanja zbira ponudnik, bodo uporabljeni izklju\u010dno za:<br \/>\u2022 po\u0161iljanje informativnega gradiva,<br \/>\u2022 po\u0161iljanje predra\u010dunov in ra\u010dunov<br \/>\u2022 ostalo potrebno komunikacijo<\/p><p>Za varovanje osebnih podatkov je odgovoren tudi uporabnik sam, in sicer tako, da poskrbi za ustrezno za\u0161\u010dito svojega ra\u010dunalnika. Za to\u010dnost podatkov, ki jih vnesejo uporabniki, ponudnik ne odgovarja.<\/p>\t\t\t\t\t\t<\/div>\n\t\t\t\t\t<\/div>\n\t\t\t\t\t\t\t\t\t<div class=\"bdt-ep-accordion-item\">\n\t\t\t\t\t\t<div\t\t\t\t\t\t\tclass=\"bdt-ep-accordion-title bdt-accordion-title bdt-flex bdt-flex-middle \" id=\"bdt-ep-accordion-varovanje-osebnih-podatkov\"\n\t\t\t\t\t\t\tdata-accordion-index=\"4\" data-title=\"varovanje-osebnih-podatkov\">\n\n\t\t\t\t\t\t\t\n\t\t\t\t\t\t\t<span role=\"heading\" class=\"bdt-ep-title-text bdt-flex-inline bdt-flex-middle\" >\n\n\t\t\t\t\t\t\t\t\t\t\t\t\t\t\t\tVarovanje osebnih podatkov\t\t\t\t\t\t\t<\/span>\n\n\t\t\t\t\t\t<\/div>\n\t\t\t\t\t\t<div class=\"bdt-ep-accordion-content bdt-accordion-content\">\n\t\t\t\t\t\t\t<p><strong>Splo\u0161no<br \/><\/strong><br \/>Ponudnik se zavezuje, da bo varoval zaupnost osebnih podatkov in zasebnost uporabnikov spletnega mesta. Zbrane osebne podatke bo ponudnik uporabljal izklju\u010dno za opravljanje storitev, ki jih ponuja. Ponudnik spo\u0161tuje zaupnost osebnih podatkov in zasebnost uporabnikov spletne strani, zato bo storil vse potrebno, da jih za\u0161\u010diti pred kakr\u0161nimikoli kr\u0161itvami in zlorabami.<\/p><p>Posredovanje uporabnikovih osebnih podatkov podjetju je v dolo\u010denih primerih nujno, da lahko obdelovalec kot ponudnik izpolnjuje svoje pogodbene obveznosti do uporabnika.<\/p><p>Ponudnik zbrane osebne podatke trajno varuje skladno z Zakonom o varstvu osebnih podatkov (Uradni list RS, \u0161t. 94\/07) (ZVOP-1), Zakonom o elektronskih komunikacijah (Uradni list RS, \u0161t. 109\/12, 110\/13, 40\/14 \u2013 ZIN-B, 54\/14 \u2013 odl. US, 81\/15 in 40\/17) in Splo\u0161no uredbo o varstvu podatkov (angl. General Data Protection Regulation \u2013 GDPR).<\/p><p><strong>Uporaba osebnih podatkov<br \/><\/strong><br \/>Ponudnik za potrebe opravljanja storitev, ki jih ponuja, zbira, vodi, obdeluje in shranjuje naslednje uporabnikove podatke:<br \/>\u2022 ime in priimek<br \/>\u2022 firmo oz. naziv pravne osebe (\u010de je uporabnik pravna oseba)<br \/>\u2022 dav\u010dno \u0161tevilko pravne osebe (\u010de je uporabnik pravna oseba)<br \/>\u2022 naslov elektronske po\u0161te<br \/>\u2022 kontaktno telefonsko \u0161tevilko<br \/>\u2022 druge podatke, ki jih uporabnik prostovoljno vnese v obrazce v spletnem mestu<\/p><p>Za pravilnost, popolnost in a\u017eurnost podatkov, ki jih vnesejo uporabniki, ponudnik ne odgovarja.<\/p><p>Podatkov ponudnik ne posreduje tretjim osebam, razen pogodbenim izvajalcem, s katerimi ima ponudnik sklenjeno pogodbo o varovanju osebnih podatkov in ki so pogodbeno zavezani k istim standardom varovanja osebnih podatkov kot ponudnik.<\/p><p>Ponudnik osebne podatke zbira z izrecno privolitvijo oz. soglasjem posameznikov. Soglasja hrani skupaj z njihovo vsebino in vsebino obrazca, s katerim so bila dobljena.<\/p><p>Zbirke osebnih podatkov ponudnik hrani na obmo\u010dju Republike Slovenije ter jih ne izna\u0161a v druge dr\u017eave.<\/p><p><strong>Namen uporabe<br \/><\/strong><br \/>Osebni podatki, ki so pridobljeni preko spletnega mesta dent.flerp.io se uporabljajo izklju\u010dno za potrebe izvedbe naro\u010dila.<\/p><p>S soglasjem k hrambi, obdelavi in posredovanju osebnih podatkov uporabnik dovoljuje ponudniku obdelovanje in hranjenje posredovanih osebnih podatkov, skladno z Zakonom o varstvu osebnih podatkov. S podanim soglasjem uporabnik dovoljuje ponudniku, da kot upravljavec zbirke osebnih podatkov obdeluje zbrane osebne podatke za namene vzor\u010denja, anketiranja in statisti\u010dne obdelave podatkov, za ugotavljanje uporabe storitev, prilagajanje ponudbe in segmentacije, za raziskave trga, obve\u0161\u010danju uporabnikov o storitvah spletnega mesta <strong>flerpdent.com<\/strong>\u00a0in ponudnika, ter povezanih oseb in za druge oblike uporabe posredovanih podatkov, v katere uporabnik spletnega mesta posebej privoli. Zbrani podatki ne bodo posredovani tretjim osebam.<\/p><p>Navedene podatke lahko ponudnik obdeluje za lastne potrebe do preklica privolitve z zahtevo za odstranitev osebnih podatkov iz baze. V \u010dasu upravljanja osebnih podatkov ima posameznik na zahtevo mo\u017enost vpogleda in a\u017euriranja podatkov v bazi podatkov.<\/p><p><strong>Izvajanje politike zasebnosti<br \/><\/strong><br \/>Ponudnik ima, skladno z Zakonom o varovanju osebnih podatkov, varovanje osebnih podatkov urejeno s Pravilnikom o varovanju osebnih podatkov.<\/p><p>Vse pri podjetju redno ali honorarno zaposlene osebe, ki imajo dostop do osebnih in drugih podatkov uporabnikov, so seznanjene z dolo\u010dili Pravilnika o varovanju osebnih podatkov in z dol\u017enostjo varovanja osebnih in drugih podatkov in so dol\u017ene upo\u0161tevati ta dolo\u010dila o varovanju zaupnosti osebnih podatkov in zasebnosti uporabnikov spletnega mesta. Dol\u017enost varovanja osebnih in drugih podatkov velja \u010dasovno neomejeno, tudi po prenehanju razmerja s ponudnikom.<\/p>\t\t\t\t\t\t<\/div>\n\t\t\t\t\t<\/div>\n\t\t\t\t\t\t\t\t\t<div class=\"bdt-ep-accordion-item\">\n\t\t\t\t\t\t<div\t\t\t\t\t\t\tclass=\"bdt-ep-accordion-title bdt-accordion-title bdt-flex bdt-flex-middle \" id=\"bdt-ep-accordion-varstvo-otrok\"\n\t\t\t\t\t\t\tdata-accordion-index=\"5\" data-title=\"varstvo-otrok\">\n\n\t\t\t\t\t\t\t\n\t\t\t\t\t\t\t<span role=\"heading\" class=\"bdt-ep-title-text bdt-flex-inline bdt-flex-middle\" >\n\n\t\t\t\t\t\t\t\t\t\t\t\t\t\t\t\tVarstvo otrok\t\t\t\t\t\t\t<\/span>\n\n\t\t\t\t\t\t<\/div>\n\t\t\t\t\t\t<div class=\"bdt-ep-accordion-content bdt-accordion-content\">\n\t\t\t\t\t\t\t<p>Vsaka komunikacija, namenjena otrokom, bo primerna njihovi starosti in ne bo izkori\u0161\u010dala zaupljivosti otrok, pomanjkanja izku\u0161enj ali ob\u010dutka lojalnosti. Ponudnik ne sme sprejemati naro\u010dil od nekoga, za katerega ve, ali sumi, da je otrok, ne da bi za to imel izrecnega dovoljenja njegovih star\u0161ev ali skrbnikov.<br \/><br \/>Ponudnik brez izrecnega dovoljenja njihovih star\u0161ev ali skrbnikov ne sme sprejemati kakr\u0161nihkoli osebnih podatkov, ki zadevajo otroke. Prav tako ponudnik tretji osebi ne sme izdajati podatkov, sprejetih od otrok, izjema so star\u0161i oziroma skrbniki. Ponudnik ne sme ponujati prostega dostopa do storitev, ki so \u0161kodljive za otroke.<\/p>\t\t\t\t\t\t<\/div>\n\t\t\t\t\t<\/div>\n\t\t\t\t\t\t\t\t\t<div class=\"bdt-ep-accordion-item\">\n\t\t\t\t\t\t<div\t\t\t\t\t\t\tclass=\"bdt-ep-accordion-title bdt-accordion-title bdt-flex bdt-flex-middle \" id=\"bdt-ep-accordion-pravica-do-obveanja\"\n\t\t\t\t\t\t\tdata-accordion-index=\"6\" data-title=\"pravica-do-obve-anja\">\n\n\t\t\t\t\t\t\t\n\t\t\t\t\t\t\t<span role=\"heading\" class=\"bdt-ep-title-text bdt-flex-inline bdt-flex-middle\" >\n\n\t\t\t\t\t\t\t\t\t\t\t\t\t\t\t\tPravica do obve\u0161\u010danja\t\t\t\t\t\t\t<\/span>\n\n\t\t\t\t\t\t<\/div>\n\t\t\t\t\t\t<div class=\"bdt-ep-accordion-content bdt-accordion-content\">\n\t\t\t\t\t\t\t<p>Pravico imate do informacij o va\u0161ih osebnih podatkih, s katerimi razpolagamo, kot tudi pravico do izbrisa teh podatkov. \u010ce imate vpra\u0161anja glede izbrisa, predelave ali uporabe va\u0161ih podatkov, se obrnite na: <a href=\"mailto:info@wepik.io\"><strong>info@wepik.io<\/strong><\/a> ali nam po\u0161ljite zahtevek po po\u0161ti.<br \/><br \/>Vsak posameznik, katerega ponudnik zbira, hrani in obdeluje njegove osebne podatke, ima glede teh podatkov naslednje pravice:<br \/>\u2022 Pravica do pozabe \u2013 v kolikor posameznik ne \u017eeli ve\u010d, da se njegovi osebni podatki, ki jih hrani in obdeluje obdelovalec obdelujejo in ob pogoju, da ni zakonitih razlogov za njihovo nadaljnjo hrambo, bo lahko od obdelovalca kadarkoli zahteva, da se njegovi podatki zbri\u0161ejo.<br \/>\u2022 Pravica vedeti, kako dolgo se hranijo osebni podatki.<br \/>\u2022 Pravica zahtevati popravek, izbris ali vlo\u017eiti prito\u017ebo.<br \/>\u2022 Pravica do prenosljivosti \u2013 posameznik lahko, v kolikor to \u017eeli, od obdelovalca zahteva, da mu zagotovi osebne podatke v zvezi z njim, ki jih je posredoval upravljavcu, v strukturirani, splo\u0161no uporabljeni in strojno berljivi obliki.<br \/>\u2022 Pravica do pravnega sredstva in sankcije \u2013 posameznik ima pravico vlo\u017eiti prito\u017ebo pri nadzornem organu, pa tudi pravico do pravnih sredstev zoper odlo\u010ditev nadzornega organa ali v primeru neukrepanja nadzornega organa, pravico do od\u0161kodnine in odgovornosti.<br \/>\u2022 Pravica ne biti podvr\u017een ukrepom, ki izhajajo zgolj iz profiliranja, analize ali predvidevanj z uporabo avtomatiziranih sredstev obdelave.<br \/>\u2022 Pravica do umika soglasja \u2013 posameznik ima pravico do umika soglasja za nadaljnjo obdelavo osebnih podatkov, posebej v primeru neposrednega tr\u017eenja.<\/p>\t\t\t\t\t\t<\/div>\n\t\t\t\t\t<\/div>\n\t\t\t\t\t\t\t\t\t<div class=\"bdt-ep-accordion-item\">\n\t\t\t\t\t\t<div\t\t\t\t\t\t\tclass=\"bdt-ep-accordion-title bdt-accordion-title bdt-flex bdt-flex-middle \" id=\"bdt-ep-accordion-postopek-uveljavljanja-pravic\"\n\t\t\t\t\t\t\tdata-accordion-index=\"7\" data-title=\"postopek-uveljavljanja-pravic\">\n\n\t\t\t\t\t\t\t\n\t\t\t\t\t\t\t<span role=\"heading\" class=\"bdt-ep-title-text bdt-flex-inline bdt-flex-middle\" >\n\n\t\t\t\t\t\t\t\t\t\t\t\t\t\t\t\tPostopek uveljavljanja pravic\t\t\t\t\t\t\t<\/span>\n\n\t\t\t\t\t\t<\/div>\n\t\t\t\t\t\t<div class=\"bdt-ep-accordion-content bdt-accordion-content\">\n\t\t\t\t\t\t\t<p>Seznanjen sem, da lahko vse zgoraj navedene zahteve, ki se ti\u010dejo uveljavljanja pravic v zvezi z osebnimi podatki, naslovim v pisni obliki na upravljavca, in sicer na elektronski naslov <a href=\"mailto:info@wepik.io\"><strong>info@wepik.io<\/strong><\/a>.<br \/><br \/>Seznanjen sem, da lahko upravljavec za potrebe zanesljive identifikacije v primeru uveljavljanja pravic v zvezi z osebnimi podatki od mene zahteva dodatne podatke, ukrepanje pa lahko zavrne le v primeru, da doka\u017ee, da me ne more zanesljivo identificirati.<br \/><br \/>Seznanjen sem, da mora upravljavec na mojo zahtevo, s katero uveljavljam svoje pravice v zvezi z zgoraj navedenimi osebnimi podatki, odgovoriti brez nepotrebnega odla\u0161anja in najpozneje v enem mesecu od prejema zahteve.<br \/><br \/>Ponudnik osebne podatke posameznika hrani do preklica soglasja za hranjenje in obdelavo podatkov posameznika. Uporabnik lahko prekli\u010de soglasje za prejemanje elektronskih sporo\u010dil (kar stori s pisno zahtevo ponudniku na elektronski naslov <strong><a href=\"mailto:info@wepik.io\">info@wepik.io<\/a><\/strong> ali zahteva, da ponudnik njegove osebne podatke nemudoma u\u010dinkovito in trajno izbri\u0161e, tako da v celoti izbri\u0161e uporabnikov uporabni\u0161ki profil pri ponudniku.<\/p>\t\t\t\t\t\t<\/div>\n\t\t\t\t\t<\/div>\n\t\t\t\t\t\t\t\t\t<div class=\"bdt-ep-accordion-item\">\n\t\t\t\t\t\t<div\t\t\t\t\t\t\tclass=\"bdt-ep-accordion-title bdt-accordion-title bdt-flex bdt-flex-middle \" id=\"bdt-ep-accordion-dodatno\"\n\t\t\t\t\t\t\tdata-accordion-index=\"8\" data-title=\"dodatno\">\n\n\t\t\t\t\t\t\t\n\t\t\t\t\t\t\t<span role=\"heading\" class=\"bdt-ep-title-text bdt-flex-inline bdt-flex-middle\" >\n\n\t\t\t\t\t\t\t\t\t\t\t\t\t\t\t\tDodatno\t\t\t\t\t\t\t<\/span>\n\n\t\t\t\t\t\t<\/div>\n\t\t\t\t\t\t<div class=\"bdt-ep-accordion-content bdt-accordion-content\">\n\t\t\t\t\t\t\t<p>Ponudnik je v skladu s predpisi, ki urejajo varstvo osebnih podatkov, zavezan k varovanju osebnih podatkov uporabnikov njegovega spletnega mesta. Ponudnik ne bo pod nobenim pogojem brez izrecnega dovoljenja uporabnika posredoval osebnih oz. drugih podatkov uporabnika tretji osebi oz. ne bo omogo\u010dil tretji osebi, da vpogleda v osebne oz. druge podatke uporabnika, razen \u010de bi to od njega zahtevale dr\u017eavne oblasti, \u010de je taka obveznost dolo\u010dena v zakonu, ali v dobri veri, da je tako ukrepanje potrebno za postopke pred sodi\u0161\u010di ali drugimi dr\u017eavnimi organi ter za za\u0161\u010dito in uresni\u010devanje zakonitih interesov podjetja.<\/p>\t\t\t\t\t\t<\/div>\n\t\t\t\t\t<\/div>\n\t\t\t\t\t\t\t\t\t<div class=\"bdt-ep-accordion-item\">\n\t\t\t\t\t\t<div\t\t\t\t\t\t\tclass=\"bdt-ep-accordion-title bdt-accordion-title bdt-flex bdt-flex-middle \" id=\"bdt-ep-accordion-trenje-preko-elektronskih-sporoil\"\n\t\t\t\t\t\t\tdata-accordion-index=\"9\" data-title=\"tr-enje-preko-elektronskih-sporo-il\">\n\n\t\t\t\t\t\t\t\n\t\t\t\t\t\t\t<span role=\"heading\" class=\"bdt-ep-title-text bdt-flex-inline bdt-flex-middle\" >\n\n\t\t\t\t\t\t\t\t\t\t\t\t\t\t\t\tTr\u017eenje preko elektronskih sporo\u010dil\t\t\t\t\t\t\t<\/span>\n\n\t\t\t\t\t\t<\/div>\n\t\t\t\t\t\t<div class=\"bdt-ep-accordion-content bdt-accordion-content\">\n\t\t\t\t\t\t\t<p>Za upravljanje seznama naro\u010dnikov email tr\u017eenja in za po\u0161iljanje e-po\u0161te na\u0161im naro\u010dnikom uporabljamo Mailerlite. MailerLite je ponudnik tretjih oseb, ki lahko obdeluje va\u0161e podatke s pomo\u010djo industrijskih standardnih tehnologij, ki nam pomagajo spremljati in izbolj\u0161evati na\u0161a email sporo\u010dila.<br \/><br \/>Politika zasebnosti MailerLite je na voljo na https:\/\/www.mailerlite.com\/privacy-policy. Od na\u0161ih email sporo\u010dil se lahko odjavite s klikom na povezavo za odjavo, ki je na koncu vsakega glasila.<\/p>\t\t\t\t\t\t<\/div>\n\t\t\t\t\t<\/div>\n\t\t\t\t\t\t\t<\/div>\n\t\t<\/div>\n\t\t\t\t\t\t<\/div>\n\t\t\t\t<\/div>\n\t\t\t\t<\/div>\n\t\t\t\t\t<\/div>\n\t\t\t\t<\/div>\n\t\t\t\t<\/div>\n\t\t","protected":false},"excerpt":{"rendered":"<p>Pogoji poslovanja in varstvo osebnih podatkov Splo\u0161no Pogoji poslovanja spletne strani (podatki), so sestavljeni v skladu z Zakonom o varstvu potro\u0161nikov (Uradni list RS, \u0161t. 98\/2004-UPB2, 126\/2007, 86\/2009, 78\/2011, 38\/2014, 19\/15, 55\/2017-ZKolT), Zakonom o elektronskem poslovanju na trgu ( Ur. list RS, \u0161t. 96\/09), Zakonom o izvensodnem re\u0161evanju potro\u0161ni\u0161kih sporov ( Ur. list RS, \u0161t. [&hellip;]<\/p>\n","protected":false},"author":1,"featured_media":0,"parent":0,"menu_order":0,"comment_status":"closed","ping_status":"closed","template":"elementor_header_footer","meta":{"footnotes":""},"class_list":["post-3024","page","type-page","status-publish","hentry"],"_links":{"self":[{"href":"https:\/\/flerpdent.com\/en\/wp-json\/wp\/v2\/pages\/3024","targetHints":{"allow":["GET"]}}],"collection":[{"href":"https:\/\/flerpdent.com\/en\/wp-json\/wp\/v2\/pages"}],"about":[{"href":"https:\/\/flerpdent.com\/en\/wp-json\/wp\/v2\/types\/page"}],"author":[{"embeddable":true,"href":"https:\/\/flerpdent.com\/en\/wp-json\/wp\/v2\/users\/1"}],"replies":[{"embeddable":true,"href":"https:\/\/flerpdent.com\/en\/wp-json\/wp\/v2\/comments?post=3024"}],"version-history":[{"count":2,"href":"https:\/\/flerpdent.com\/en\/wp-json\/wp\/v2\/pages\/3024\/revisions"}],"predecessor-version":[{"id":3026,"href":"https:\/\/flerpdent.com\/en\/wp-json\/wp\/v2\/pages\/3024\/revisions\/3026"}],"wp:attachment":[{"href":"https:\/\/flerpdent.com\/en\/wp-json\/wp\/v2\/media?parent=3024"}],"curies":[{"name":"wp","href":"https:\/\/api.w.org\/{rel}","templated":true}]}}